{"id":4604,"date":"2024-10-24T07:11:32","date_gmt":"2024-10-24T07:11:32","guid":{"rendered":"https:\/\/savoam.com\/product\/savoam-bottle-foampompje-zwart\/"},"modified":"2026-02-04T07:55:36","modified_gmt":"2026-02-04T07:55:36","slug":"savoam-bottle","status":"publish","type":"product","link":"https:\/\/savoam.com\/fr\/produit\/savoam-bottle\/","title":{"rendered":"Bouteille de saVoam"},"content":{"rendered":"<p>Wil jij jouw saVoam beleving ook graag toevoegen aan het toilet en de badkamer? Kies de kleur van jouw dop en bestel jouw bottle!<\/p>\n<p>SAVOAM IS:<\/p>\n<p><i class=\"fas fa-check\"><\/i> <strong>Enti\u00e8rement sans plastique<br \/>\n<\/strong><i class=\"fas fa-check\"><\/i> <strong>97.2% natuurlijke ingredi\u00ebnten<br \/>\n<\/strong><i class=\"fas fa-check\"><\/i> <strong>Jusqu'\u00e0 3 fois plus \u00e9conomique qu'un savon \u00e0 main normal<\/strong><\/p>\n<p>Het pompsysteem van de bottle is speciaal afgestemd op de refill sachets. Het is een compleet systeem. De refill formule in combinatie met de fles en pomp, zorgt er namelijk voor dat het product schuimt. En dat zorgt er weer voor dat jouw handschuimzeep extra lang meegaat. Met 3 sachets doe je zeker wel 3 maanden!<br \/>\nHeb je ook nog sachets nodig? Bestel ze dan gelijk mee.\u00a0<strong><br \/>\n<\/strong><\/p>","protected":false},"excerpt":{"rendered":"<p>Vous souhaitez naturellement utiliser saVoam dans votre cuisine, votre salle de bain et vos toilettes ! C'est pourquoi un flacon en vrac est d\u00e9sormais disponible. Choisissez la couleur de votre bouchon et commandez le(s) flacon(s) en vrac.<\/p>","protected":false},"featured_media":5349,"comment_status":"open","ping_status":"closed","template":"","meta":[],"product_brand":[],"product_cat":[70],"product_tag":[],"class_list":{"0":"post-4604","1":"product","2":"type-product","3":"status-publish","4":"has-post-thumbnail","6":"product_cat-bottle","7":"pa_kleur-dop-blauw","8":"pa_kleur-dop-zalm","9":"pa_kleur-dop-zand","10":"pa_kleur-dop-zwart","11":"wpbf-post","14":"instock","15":"taxable","16":"shipping-taxable","17":"purchasable","18":"product-type-variable","19":"has-default-attributes"},"yoast_head":"<!-- This site is optimized with the Yoast SEO plugin v27.5 - https:\/\/yoast.com\/product\/yoast-seo-wordpress\/ -->\n<title>saVoam bottle - saVoam<\/title>\n<meta name=\"robots\" content=\"index, follow, max-snippet:-1, max-image-preview:large, max-video-preview:-1\" \/>\n<link rel=\"canonical\" href=\"https:\/\/savoam.com\/fr\/produit\/savoam-bottle\/\" \/>\n<meta property=\"og:locale\" content=\"fr_FR\" \/>\n<meta property=\"og:type\" content=\"article\" \/>\n<meta property=\"og:title\" content=\"saVoam bottle - saVoam\" \/>\n<meta property=\"og:description\" content=\"Je wilt saVoam natuurlijk gebruiken in je keuken, badkamer en toilet! Daarom is er nu een losse bottle verkrijgbaar. Kies je dopkleur en bestel de losse bottle(s).\" \/>\n<meta property=\"og:url\" content=\"https:\/\/savoam.com\/fr\/produit\/savoam-bottle\/\" \/>\n<meta property=\"og:site_name\" content=\"saVoam\" \/>\n<meta property=\"article:modified_time\" content=\"2026-02-04T07:55:36+00:00\" \/>\n<meta property=\"og:image\" content=\"https:\/\/savoam.com\/wp-content\/uploads\/2024\/10\/zwart_bottle_kolom.png\" \/>\n\t<meta property=\"og:image:width\" content=\"900\" \/>\n\t<meta property=\"og:image:height\" content=\"900\" \/>\n\t<meta property=\"og:image:type\" content=\"image\/png\" \/>\n<meta name=\"twitter:card\" content=\"summary_large_image\" \/>\n<meta name=\"twitter:label1\" content=\"Dur\u00e9e de lecture estim\u00e9e\" \/>\n\t<meta name=\"twitter:data1\" content=\"1 minute\" \/>\n<script type=\"application\/ld+json\" class=\"yoast-schema-graph\">{\"@context\":\"https:\\\/\\\/schema.org\",\"@graph\":[{\"@type\":\"WebPage\",\"@id\":\"https:\\\/\\\/savoam.com\\\/product\\\/savoam-bottle\\\/\",\"url\":\"https:\\\/\\\/savoam.com\\\/product\\\/savoam-bottle\\\/\",\"name\":\"saVoam bottle - saVoam\",\"isPartOf\":{\"@id\":\"https:\\\/\\\/savoam.com\\\/#website\"},\"primaryImageOfPage\":{\"@id\":\"https:\\\/\\\/savoam.com\\\/product\\\/savoam-bottle\\\/#primaryimage\"},\"image\":{\"@id\":\"https:\\\/\\\/savoam.com\\\/product\\\/savoam-bottle\\\/#primaryimage\"},\"thumbnailUrl\":\"https:\\\/\\\/savoam.com\\\/wp-content\\\/uploads\\\/2024\\\/10\\\/zwart_bottle_kolom.png\",\"datePublished\":\"2024-10-24T07:11:32+00:00\",\"dateModified\":\"2026-02-04T07:55:36+00:00\",\"breadcrumb\":{\"@id\":\"https:\\\/\\\/savoam.com\\\/product\\\/savoam-bottle\\\/#breadcrumb\"},\"inLanguage\":\"fr-FR\",\"potentialAction\":[{\"@type\":\"ReadAction\",\"target\":[\"https:\\\/\\\/savoam.com\\\/product\\\/savoam-bottle\\\/\"]}]},{\"@type\":\"ImageObject\",\"inLanguage\":\"fr-FR\",\"@id\":\"https:\\\/\\\/savoam.com\\\/product\\\/savoam-bottle\\\/#primaryimage\",\"url\":\"https:\\\/\\\/savoam.com\\\/wp-content\\\/uploads\\\/2024\\\/10\\\/zwart_bottle_kolom.png\",\"contentUrl\":\"https:\\\/\\\/savoam.com\\\/wp-content\\\/uploads\\\/2024\\\/10\\\/zwart_bottle_kolom.png\",\"width\":900,\"height\":900},{\"@type\":\"BreadcrumbList\",\"@id\":\"https:\\\/\\\/savoam.com\\\/product\\\/savoam-bottle\\\/#breadcrumb\",\"itemListElement\":[{\"@type\":\"ListItem\",\"position\":1,\"name\":\"Home\",\"item\":\"https:\\\/\\\/savoam.com\\\/\"},{\"@type\":\"ListItem\",\"position\":2,\"name\":\"Winkel\",\"item\":\"https:\\\/\\\/savoam.com\\\/winkel\\\/\"},{\"@type\":\"ListItem\",\"position\":3,\"name\":\"saVoam bottle\"}]},{\"@type\":\"WebSite\",\"@id\":\"https:\\\/\\\/savoam.com\\\/#website\",\"url\":\"https:\\\/\\\/savoam.com\\\/\",\"name\":\"saVoam\",\"description\":\"a special note to your hand washing routine\",\"publisher\":{\"@id\":\"https:\\\/\\\/savoam.com\\\/#organization\"},\"potentialAction\":[{\"@type\":\"SearchAction\",\"target\":{\"@type\":\"EntryPoint\",\"urlTemplate\":\"https:\\\/\\\/savoam.com\\\/?s={search_term_string}\"},\"query-input\":{\"@type\":\"PropertyValueSpecification\",\"valueRequired\":true,\"valueName\":\"search_term_string\"}}],\"inLanguage\":\"fr-FR\"},{\"@type\":\"Organization\",\"@id\":\"https:\\\/\\\/savoam.com\\\/#organization\",\"name\":\"saVoam\",\"url\":\"https:\\\/\\\/savoam.com\\\/\",\"logo\":{\"@type\":\"ImageObject\",\"inLanguage\":\"fr-FR\",\"@id\":\"https:\\\/\\\/savoam.com\\\/#\\\/schema\\\/logo\\\/image\\\/\",\"url\":\"https:\\\/\\\/savoam.com\\\/wp-content\\\/uploads\\\/2023\\\/03\\\/Savoam.png\",\"contentUrl\":\"https:\\\/\\\/savoam.com\\\/wp-content\\\/uploads\\\/2023\\\/03\\\/Savoam.png\",\"width\":630,\"height\":630,\"caption\":\"saVoam\"},\"image\":{\"@id\":\"https:\\\/\\\/savoam.com\\\/#\\\/schema\\\/logo\\\/image\\\/\"}}]}<\/script>\n<!-- \/ Yoast SEO plugin. -->","yoast_head_json":{"title":"saVoam bottle - saVoam","robots":{"index":"index","follow":"follow","max-snippet":"max-snippet:-1","max-image-preview":"max-image-preview:large","max-video-preview":"max-video-preview:-1"},"canonical":"https:\/\/savoam.com\/fr\/produit\/savoam-bottle\/","og_locale":"fr_FR","og_type":"article","og_title":"saVoam bottle - saVoam","og_description":"Je wilt saVoam natuurlijk gebruiken in je keuken, badkamer en toilet! Daarom is er nu een losse bottle verkrijgbaar. Kies je dopkleur en bestel de losse bottle(s).","og_url":"https:\/\/savoam.com\/fr\/produit\/savoam-bottle\/","og_site_name":"saVoam","article_modified_time":"2026-02-04T07:55:36+00:00","og_image":[{"width":900,"height":900,"url":"https:\/\/savoam.com\/wp-content\/uploads\/2024\/10\/zwart_bottle_kolom.png","type":"image\/png"}],"twitter_card":"summary_large_image","twitter_misc":{"Dur\u00e9e de lecture estim\u00e9e":"1 minute"},"schema":{"@context":"https:\/\/schema.org","@graph":[{"@type":"WebPage","@id":"https:\/\/savoam.com\/product\/savoam-bottle\/","url":"https:\/\/savoam.com\/product\/savoam-bottle\/","name":"saVoam bottle - saVoam","isPartOf":{"@id":"https:\/\/savoam.com\/#website"},"primaryImageOfPage":{"@id":"https:\/\/savoam.com\/product\/savoam-bottle\/#primaryimage"},"image":{"@id":"https:\/\/savoam.com\/product\/savoam-bottle\/#primaryimage"},"thumbnailUrl":"https:\/\/savoam.com\/wp-content\/uploads\/2024\/10\/zwart_bottle_kolom.png","datePublished":"2024-10-24T07:11:32+00:00","dateModified":"2026-02-04T07:55:36+00:00","breadcrumb":{"@id":"https:\/\/savoam.com\/product\/savoam-bottle\/#breadcrumb"},"inLanguage":"fr-FR","potentialAction":[{"@type":"ReadAction","target":["https:\/\/savoam.com\/product\/savoam-bottle\/"]}]},{"@type":"ImageObject","inLanguage":"fr-FR","@id":"https:\/\/savoam.com\/product\/savoam-bottle\/#primaryimage","url":"https:\/\/savoam.com\/wp-content\/uploads\/2024\/10\/zwart_bottle_kolom.png","contentUrl":"https:\/\/savoam.com\/wp-content\/uploads\/2024\/10\/zwart_bottle_kolom.png","width":900,"height":900},{"@type":"BreadcrumbList","@id":"https:\/\/savoam.com\/product\/savoam-bottle\/#breadcrumb","itemListElement":[{"@type":"ListItem","position":1,"name":"Home","item":"https:\/\/savoam.com\/"},{"@type":"ListItem","position":2,"name":"Winkel","item":"https:\/\/savoam.com\/winkel\/"},{"@type":"ListItem","position":3,"name":"saVoam bottle"}]},{"@type":"WebSite","@id":"https:\/\/savoam.com\/#website","url":"https:\/\/savoam.com\/","name":"saVoam","description":"une note sp\u00e9ciale pour votre routine de lavage des mains","publisher":{"@id":"https:\/\/savoam.com\/#organization"},"potentialAction":[{"@type":"SearchAction","target":{"@type":"EntryPoint","urlTemplate":"https:\/\/savoam.com\/?s={search_term_string}"},"query-input":{"@type":"PropertyValueSpecification","valueRequired":true,"valueName":"search_term_string"}}],"inLanguage":"fr-FR"},{"@type":"Organization","@id":"https:\/\/savoam.com\/#organization","name":"saVoam","url":"https:\/\/savoam.com\/","logo":{"@type":"ImageObject","inLanguage":"fr-FR","@id":"https:\/\/savoam.com\/#\/schema\/logo\/image\/","url":"https:\/\/savoam.com\/wp-content\/uploads\/2023\/03\/Savoam.png","contentUrl":"https:\/\/savoam.com\/wp-content\/uploads\/2023\/03\/Savoam.png","width":630,"height":630,"caption":"saVoam"},"image":{"@id":"https:\/\/savoam.com\/#\/schema\/logo\/image\/"}}]}},"_links":{"self":[{"href":"https:\/\/savoam.com\/fr\/wp-json\/wp\/v2\/product\/4604","targetHints":{"allow":["GET"]}}],"collection":[{"href":"https:\/\/savoam.com\/fr\/wp-json\/wp\/v2\/product"}],"about":[{"href":"https:\/\/savoam.com\/fr\/wp-json\/wp\/v2\/types\/product"}],"replies":[{"embeddable":true,"href":"https:\/\/savoam.com\/fr\/wp-json\/wp\/v2\/comments?post=4604"}],"wp:featuredmedia":[{"embeddable":true,"href":"https:\/\/savoam.com\/fr\/wp-json\/wp\/v2\/media\/5349"}],"wp:attachment":[{"href":"https:\/\/savoam.com\/fr\/wp-json\/wp\/v2\/media?parent=4604"}],"wp:term":[{"taxonomy":"product_brand","embeddable":true,"href":"https:\/\/savoam.com\/fr\/wp-json\/wp\/v2\/product_brand?post=4604"},{"taxonomy":"product_cat","embeddable":true,"href":"https:\/\/savoam.com\/fr\/wp-json\/wp\/v2\/product_cat?post=4604"},{"taxonomy":"product_tag","embeddable":true,"href":"https:\/\/savoam.com\/fr\/wp-json\/wp\/v2\/product_tag?post=4604"}],"curies":[{"name":"wp","href":"https:\/\/api.w.org\/{rel}","templated":true}]}}