{"id":2936,"date":"2024-06-04T09:07:19","date_gmt":"2024-06-04T09:07:19","guid":{"rendered":"https:\/\/savoam.com\/product\/refill-daisy-daydream\/"},"modified":"2026-04-15T17:05:42","modified_gmt":"2026-04-15T17:05:42","slug":"refill-daisy-daydream","status":"publish","type":"product","link":"https:\/\/savoam.com\/fr\/produit\/refill-daisy-daydream\/","title":{"rendered":"Recharge Daisy Daydream"},"content":{"rendered":"<p>Is jouw bottle leeg? In jouw luxe bewaarmapje zitten 3 sachets, waarmee je 3 keer een heerlijke bottle met handschuimzeep kunt maken. Vul jouw once in a lifetime bottle met warm water, tot het golfje. Doe er een sachet met poeder bij, beetje roeren en en jouw handschuimzeep is klaar voor gebruik.<\/p>","protected":false},"excerpt":{"rendered":"<p>Un m\u00e9lange enchanteur de p\u00e9tales de fleurs pour r\u00eaver. Une exp\u00e9rience parfum\u00e9e intense et chaleureuse pour embrasser la splendeur quotidienne de la vie.<\/p>","protected":false},"featured_media":5077,"comment_status":"open","ping_status":"closed","template":"","meta":[],"product_brand":[],"product_cat":[31],"product_tag":[],"class_list":{"0":"post-2936","1":"product","2":"type-product","3":"status-publish","4":"has-post-thumbnail","6":"product_cat-refill","7":"wpbf-post","10":"instock","11":"taxable","12":"shipping-taxable","13":"purchasable","14":"product-type-simple"},"yoast_head":"<!-- This site is optimized with the Yoast SEO plugin v27.2 - https:\/\/yoast.com\/product\/yoast-seo-wordpress\/ -->\n<title>Refill Daisy Daydream - saVoam<\/title>\n<meta name=\"robots\" content=\"index, follow, max-snippet:-1, max-image-preview:large, max-video-preview:-1\" \/>\n<link rel=\"canonical\" href=\"https:\/\/savoam.com\/fr\/produit\/refill-daisy-daydream\/\" \/>\n<meta property=\"og:locale\" content=\"fr_FR\" \/>\n<meta property=\"og:type\" content=\"article\" \/>\n<meta property=\"og:title\" content=\"Refill Daisy Daydream - saVoam\" \/>\n<meta property=\"og:description\" content=\"Een betoverende mix van bloesemblaadjes om bij weg te dromen. Een intense en warme geurbeleving als omarming van de dagelijkse pracht van het leven.\" \/>\n<meta property=\"og:url\" content=\"https:\/\/savoam.com\/fr\/produit\/refill-daisy-daydream\/\" \/>\n<meta property=\"og:site_name\" content=\"saVoam\" \/>\n<meta property=\"article:modified_time\" content=\"2026-04-15T17:05:42+00:00\" \/>\n<meta property=\"og:image\" content=\"https:\/\/savoam.com\/wp-content\/uploads\/2024\/12\/basisbeeld-sachets_daydream_kolom.png\" \/>\n\t<meta property=\"og:image:width\" content=\"900\" \/>\n\t<meta property=\"og:image:height\" content=\"900\" \/>\n\t<meta property=\"og:image:type\" content=\"image\/png\" \/>\n<meta name=\"twitter:card\" content=\"summary_large_image\" \/>\n<script type=\"application\/ld+json\" class=\"yoast-schema-graph\">{\"@context\":\"https:\/\/schema.org\",\"@graph\":[{\"@type\":\"WebPage\",\"@id\":\"https:\/\/savoam.com\/product\/refill-daisy-daydream\/\",\"url\":\"https:\/\/savoam.com\/product\/refill-daisy-daydream\/\",\"name\":\"Refill Daisy Daydream - saVoam\",\"isPartOf\":{\"@id\":\"https:\/\/savoam.com\/#website\"},\"primaryImageOfPage\":{\"@id\":\"https:\/\/savoam.com\/product\/refill-daisy-daydream\/#primaryimage\"},\"image\":{\"@id\":\"https:\/\/savoam.com\/product\/refill-daisy-daydream\/#primaryimage\"},\"thumbnailUrl\":\"https:\/\/savoam.com\/wp-content\/uploads\/2024\/12\/basisbeeld-sachets_daydream_kolom.png\",\"datePublished\":\"2024-06-04T09:07:19+00:00\",\"dateModified\":\"2026-04-15T17:05:42+00:00\",\"breadcrumb\":{\"@id\":\"https:\/\/savoam.com\/product\/refill-daisy-daydream\/#breadcrumb\"},\"inLanguage\":\"fr-FR\",\"potentialAction\":[{\"@type\":\"ReadAction\",\"target\":[\"https:\/\/savoam.com\/product\/refill-daisy-daydream\/\"]}]},{\"@type\":\"ImageObject\",\"inLanguage\":\"fr-FR\",\"@id\":\"https:\/\/savoam.com\/product\/refill-daisy-daydream\/#primaryimage\",\"url\":\"https:\/\/savoam.com\/wp-content\/uploads\/2024\/12\/basisbeeld-sachets_daydream_kolom.png\",\"contentUrl\":\"https:\/\/savoam.com\/wp-content\/uploads\/2024\/12\/basisbeeld-sachets_daydream_kolom.png\",\"width\":900,\"height\":900},{\"@type\":\"BreadcrumbList\",\"@id\":\"https:\/\/savoam.com\/product\/refill-daisy-daydream\/#breadcrumb\",\"itemListElement\":[{\"@type\":\"ListItem\",\"position\":1,\"name\":\"Home\",\"item\":\"https:\/\/savoam.com\/\"},{\"@type\":\"ListItem\",\"position\":2,\"name\":\"Winkel\",\"item\":\"https:\/\/savoam.com\/winkel\/\"},{\"@type\":\"ListItem\",\"position\":3,\"name\":\"Refill Daisy Daydream\"}]},{\"@type\":\"WebSite\",\"@id\":\"https:\/\/savoam.com\/#website\",\"url\":\"https:\/\/savoam.com\/\",\"name\":\"saVoam\",\"description\":\"a special note to your hand washing routine\",\"publisher\":{\"@id\":\"https:\/\/savoam.com\/#organization\"},\"potentialAction\":[{\"@type\":\"SearchAction\",\"target\":{\"@type\":\"EntryPoint\",\"urlTemplate\":\"https:\/\/savoam.com\/?s={search_term_string}\"},\"query-input\":{\"@type\":\"PropertyValueSpecification\",\"valueRequired\":true,\"valueName\":\"search_term_string\"}}],\"inLanguage\":\"fr-FR\"},{\"@type\":\"Organization\",\"@id\":\"https:\/\/savoam.com\/#organization\",\"name\":\"saVoam\",\"url\":\"https:\/\/savoam.com\/\",\"logo\":{\"@type\":\"ImageObject\",\"inLanguage\":\"fr-FR\",\"@id\":\"https:\/\/savoam.com\/#\/schema\/logo\/image\/\",\"url\":\"https:\/\/savoam.com\/wp-content\/uploads\/2023\/03\/Savoam.png\",\"contentUrl\":\"https:\/\/savoam.com\/wp-content\/uploads\/2023\/03\/Savoam.png\",\"width\":630,\"height\":630,\"caption\":\"saVoam\"},\"image\":{\"@id\":\"https:\/\/savoam.com\/#\/schema\/logo\/image\/\"}}]}<\/script>\n<!-- \/ Yoast SEO plugin. -->","yoast_head_json":{"title":"Refill Daisy Daydream - saVoam","robots":{"index":"index","follow":"follow","max-snippet":"max-snippet:-1","max-image-preview":"max-image-preview:large","max-video-preview":"max-video-preview:-1"},"canonical":"https:\/\/savoam.com\/fr\/produit\/refill-daisy-daydream\/","og_locale":"fr_FR","og_type":"article","og_title":"Refill Daisy Daydream - saVoam","og_description":"Een betoverende mix van bloesemblaadjes om bij weg te dromen. Een intense en warme geurbeleving als omarming van de dagelijkse pracht van het leven.","og_url":"https:\/\/savoam.com\/fr\/produit\/refill-daisy-daydream\/","og_site_name":"saVoam","article_modified_time":"2026-04-15T17:05:42+00:00","og_image":[{"width":900,"height":900,"url":"https:\/\/savoam.com\/wp-content\/uploads\/2024\/12\/basisbeeld-sachets_daydream_kolom.png","type":"image\/png"}],"twitter_card":"summary_large_image","schema":{"@context":"https:\/\/schema.org","@graph":[{"@type":"WebPage","@id":"https:\/\/savoam.com\/product\/refill-daisy-daydream\/","url":"https:\/\/savoam.com\/product\/refill-daisy-daydream\/","name":"Refill Daisy Daydream - saVoam","isPartOf":{"@id":"https:\/\/savoam.com\/#website"},"primaryImageOfPage":{"@id":"https:\/\/savoam.com\/product\/refill-daisy-daydream\/#primaryimage"},"image":{"@id":"https:\/\/savoam.com\/product\/refill-daisy-daydream\/#primaryimage"},"thumbnailUrl":"https:\/\/savoam.com\/wp-content\/uploads\/2024\/12\/basisbeeld-sachets_daydream_kolom.png","datePublished":"2024-06-04T09:07:19+00:00","dateModified":"2026-04-15T17:05:42+00:00","breadcrumb":{"@id":"https:\/\/savoam.com\/product\/refill-daisy-daydream\/#breadcrumb"},"inLanguage":"fr-FR","potentialAction":[{"@type":"ReadAction","target":["https:\/\/savoam.com\/product\/refill-daisy-daydream\/"]}]},{"@type":"ImageObject","inLanguage":"fr-FR","@id":"https:\/\/savoam.com\/product\/refill-daisy-daydream\/#primaryimage","url":"https:\/\/savoam.com\/wp-content\/uploads\/2024\/12\/basisbeeld-sachets_daydream_kolom.png","contentUrl":"https:\/\/savoam.com\/wp-content\/uploads\/2024\/12\/basisbeeld-sachets_daydream_kolom.png","width":900,"height":900},{"@type":"BreadcrumbList","@id":"https:\/\/savoam.com\/product\/refill-daisy-daydream\/#breadcrumb","itemListElement":[{"@type":"ListItem","position":1,"name":"Home","item":"https:\/\/savoam.com\/"},{"@type":"ListItem","position":2,"name":"Winkel","item":"https:\/\/savoam.com\/winkel\/"},{"@type":"ListItem","position":3,"name":"Refill Daisy Daydream"}]},{"@type":"WebSite","@id":"https:\/\/savoam.com\/#website","url":"https:\/\/savoam.com\/","name":"saVoam","description":"une note sp\u00e9ciale pour votre routine de lavage des mains","publisher":{"@id":"https:\/\/savoam.com\/#organization"},"potentialAction":[{"@type":"SearchAction","target":{"@type":"EntryPoint","urlTemplate":"https:\/\/savoam.com\/?s={search_term_string}"},"query-input":{"@type":"PropertyValueSpecification","valueRequired":true,"valueName":"search_term_string"}}],"inLanguage":"fr-FR"},{"@type":"Organization","@id":"https:\/\/savoam.com\/#organization","name":"saVoam","url":"https:\/\/savoam.com\/","logo":{"@type":"ImageObject","inLanguage":"fr-FR","@id":"https:\/\/savoam.com\/#\/schema\/logo\/image\/","url":"https:\/\/savoam.com\/wp-content\/uploads\/2023\/03\/Savoam.png","contentUrl":"https:\/\/savoam.com\/wp-content\/uploads\/2023\/03\/Savoam.png","width":630,"height":630,"caption":"saVoam"},"image":{"@id":"https:\/\/savoam.com\/#\/schema\/logo\/image\/"}}]}},"_links":{"self":[{"href":"https:\/\/savoam.com\/fr\/wp-json\/wp\/v2\/product\/2936","targetHints":{"allow":["GET"]}}],"collection":[{"href":"https:\/\/savoam.com\/fr\/wp-json\/wp\/v2\/product"}],"about":[{"href":"https:\/\/savoam.com\/fr\/wp-json\/wp\/v2\/types\/product"}],"replies":[{"embeddable":true,"href":"https:\/\/savoam.com\/fr\/wp-json\/wp\/v2\/comments?post=2936"}],"wp:featuredmedia":[{"embeddable":true,"href":"https:\/\/savoam.com\/fr\/wp-json\/wp\/v2\/media\/5077"}],"wp:attachment":[{"href":"https:\/\/savoam.com\/fr\/wp-json\/wp\/v2\/media?parent=2936"}],"wp:term":[{"taxonomy":"product_brand","embeddable":true,"href":"https:\/\/savoam.com\/fr\/wp-json\/wp\/v2\/product_brand?post=2936"},{"taxonomy":"product_cat","embeddable":true,"href":"https:\/\/savoam.com\/fr\/wp-json\/wp\/v2\/product_cat?post=2936"},{"taxonomy":"product_tag","embeddable":true,"href":"https:\/\/savoam.com\/fr\/wp-json\/wp\/v2\/product_tag?post=2936"}],"curies":[{"name":"wp","href":"https:\/\/api.w.org\/{rel}","templated":true}]}}