{"id":2935,"date":"2024-06-04T09:07:17","date_gmt":"2024-06-04T09:07:17","guid":{"rendered":"https:\/\/savoam.com\/product\/refill-eternal-spring-2\/"},"modified":"2026-04-29T03:00:42","modified_gmt":"2026-04-29T03:00:42","slug":"refill-eternal-spring-2","status":"publish","type":"product","link":"https:\/\/savoam.com\/fr\/produit\/refill-eternal-spring-2\/","title":{"rendered":"Recharge Eternal Spring"},"content":{"rendered":"<p>Is jouw bottle leeg? In jouw luxe bewaarmapje zitten 3 sachets, waarmee je 3 keer een heerlijke bottle met handschuimzeep kunt maken. Vul jouw once in a lifetime bottle met warm water, tot het golfje. Doe er een sachet met poeder bij, beetje roeren en en jouw handschuimzeep is klaar voor gebruik.<\/p>","protected":false},"excerpt":{"rendered":"<p>Un m\u00e9lange sophistiqu\u00e9 de fleurs avec un soup\u00e7on d'agrumes. Un parfum qui \u00e9voque le renouveau et la vitalit\u00e9, comme si le printemps ne s'arr\u00eatait jamais.<\/p>","protected":false},"featured_media":5078,"comment_status":"open","ping_status":"closed","template":"","meta":[],"product_brand":[],"product_cat":[31],"product_tag":[],"class_list":{"0":"post-2935","1":"product","2":"type-product","3":"status-publish","4":"has-post-thumbnail","6":"product_cat-refill","7":"wpbf-post","10":"instock","11":"taxable","12":"shipping-taxable","13":"purchasable","14":"product-type-simple"},"yoast_head":"<!-- This site is optimized with the Yoast SEO plugin v27.5 - https:\/\/yoast.com\/product\/yoast-seo-wordpress\/ -->\n<title>Refill Eternal Spring - saVoam<\/title>\n<meta name=\"robots\" content=\"index, follow, max-snippet:-1, max-image-preview:large, max-video-preview:-1\" \/>\n<link rel=\"canonical\" href=\"https:\/\/savoam.com\/fr\/produit\/refill-eternal-spring-2\/\" \/>\n<meta property=\"og:locale\" content=\"fr_FR\" \/>\n<meta property=\"og:type\" content=\"article\" \/>\n<meta property=\"og:title\" content=\"Refill Eternal Spring - saVoam\" \/>\n<meta property=\"og:description\" content=\"Een verfijnde mix van bloemen met een vleugje citrus. Een geur die het gevoel van vernieuwing &amp; vitaliteit oproept, alsof de lente nooit eindigt.\" \/>\n<meta property=\"og:url\" content=\"https:\/\/savoam.com\/fr\/produit\/refill-eternal-spring-2\/\" \/>\n<meta property=\"og:site_name\" content=\"saVoam\" \/>\n<meta property=\"article:modified_time\" content=\"2026-04-29T03:00:42+00:00\" \/>\n<meta property=\"og:image\" content=\"https:\/\/savoam.com\/wp-content\/uploads\/2024\/12\/basisbeeld-sachets_eternalspring_kolom.png\" \/>\n\t<meta property=\"og:image:width\" content=\"900\" \/>\n\t<meta property=\"og:image:height\" content=\"900\" \/>\n\t<meta property=\"og:image:type\" content=\"image\/png\" \/>\n<meta name=\"twitter:card\" content=\"summary_large_image\" \/>\n<script type=\"application\/ld+json\" class=\"yoast-schema-graph\">{\"@context\":\"https:\\\/\\\/schema.org\",\"@graph\":[{\"@type\":\"WebPage\",\"@id\":\"https:\\\/\\\/savoam.com\\\/product\\\/refill-eternal-spring-2\\\/\",\"url\":\"https:\\\/\\\/savoam.com\\\/product\\\/refill-eternal-spring-2\\\/\",\"name\":\"Refill Eternal Spring - saVoam\",\"isPartOf\":{\"@id\":\"https:\\\/\\\/savoam.com\\\/#website\"},\"primaryImageOfPage\":{\"@id\":\"https:\\\/\\\/savoam.com\\\/product\\\/refill-eternal-spring-2\\\/#primaryimage\"},\"image\":{\"@id\":\"https:\\\/\\\/savoam.com\\\/product\\\/refill-eternal-spring-2\\\/#primaryimage\"},\"thumbnailUrl\":\"https:\\\/\\\/savoam.com\\\/wp-content\\\/uploads\\\/2024\\\/12\\\/basisbeeld-sachets_eternalspring_kolom.png\",\"datePublished\":\"2024-06-04T09:07:17+00:00\",\"dateModified\":\"2026-04-29T03:00:42+00:00\",\"breadcrumb\":{\"@id\":\"https:\\\/\\\/savoam.com\\\/product\\\/refill-eternal-spring-2\\\/#breadcrumb\"},\"inLanguage\":\"fr-FR\",\"potentialAction\":[{\"@type\":\"ReadAction\",\"target\":[\"https:\\\/\\\/savoam.com\\\/product\\\/refill-eternal-spring-2\\\/\"]}]},{\"@type\":\"ImageObject\",\"inLanguage\":\"fr-FR\",\"@id\":\"https:\\\/\\\/savoam.com\\\/product\\\/refill-eternal-spring-2\\\/#primaryimage\",\"url\":\"https:\\\/\\\/savoam.com\\\/wp-content\\\/uploads\\\/2024\\\/12\\\/basisbeeld-sachets_eternalspring_kolom.png\",\"contentUrl\":\"https:\\\/\\\/savoam.com\\\/wp-content\\\/uploads\\\/2024\\\/12\\\/basisbeeld-sachets_eternalspring_kolom.png\",\"width\":900,\"height\":900},{\"@type\":\"BreadcrumbList\",\"@id\":\"https:\\\/\\\/savoam.com\\\/product\\\/refill-eternal-spring-2\\\/#breadcrumb\",\"itemListElement\":[{\"@type\":\"ListItem\",\"position\":1,\"name\":\"Home\",\"item\":\"https:\\\/\\\/savoam.com\\\/\"},{\"@type\":\"ListItem\",\"position\":2,\"name\":\"Winkel\",\"item\":\"https:\\\/\\\/savoam.com\\\/winkel\\\/\"},{\"@type\":\"ListItem\",\"position\":3,\"name\":\"Refill Eternal Spring\"}]},{\"@type\":\"WebSite\",\"@id\":\"https:\\\/\\\/savoam.com\\\/#website\",\"url\":\"https:\\\/\\\/savoam.com\\\/\",\"name\":\"saVoam\",\"description\":\"a special note to your hand washing routine\",\"publisher\":{\"@id\":\"https:\\\/\\\/savoam.com\\\/#organization\"},\"potentialAction\":[{\"@type\":\"SearchAction\",\"target\":{\"@type\":\"EntryPoint\",\"urlTemplate\":\"https:\\\/\\\/savoam.com\\\/?s={search_term_string}\"},\"query-input\":{\"@type\":\"PropertyValueSpecification\",\"valueRequired\":true,\"valueName\":\"search_term_string\"}}],\"inLanguage\":\"fr-FR\"},{\"@type\":\"Organization\",\"@id\":\"https:\\\/\\\/savoam.com\\\/#organization\",\"name\":\"saVoam\",\"url\":\"https:\\\/\\\/savoam.com\\\/\",\"logo\":{\"@type\":\"ImageObject\",\"inLanguage\":\"fr-FR\",\"@id\":\"https:\\\/\\\/savoam.com\\\/#\\\/schema\\\/logo\\\/image\\\/\",\"url\":\"https:\\\/\\\/savoam.com\\\/wp-content\\\/uploads\\\/2023\\\/03\\\/Savoam.png\",\"contentUrl\":\"https:\\\/\\\/savoam.com\\\/wp-content\\\/uploads\\\/2023\\\/03\\\/Savoam.png\",\"width\":630,\"height\":630,\"caption\":\"saVoam\"},\"image\":{\"@id\":\"https:\\\/\\\/savoam.com\\\/#\\\/schema\\\/logo\\\/image\\\/\"}}]}<\/script>\n<!-- \/ Yoast SEO plugin. -->","yoast_head_json":{"title":"Refill Eternal Spring - saVoam","robots":{"index":"index","follow":"follow","max-snippet":"max-snippet:-1","max-image-preview":"max-image-preview:large","max-video-preview":"max-video-preview:-1"},"canonical":"https:\/\/savoam.com\/fr\/produit\/refill-eternal-spring-2\/","og_locale":"fr_FR","og_type":"article","og_title":"Refill Eternal Spring - saVoam","og_description":"Een verfijnde mix van bloemen met een vleugje citrus. Een geur die het gevoel van vernieuwing &amp; vitaliteit oproept, alsof de lente nooit eindigt.","og_url":"https:\/\/savoam.com\/fr\/produit\/refill-eternal-spring-2\/","og_site_name":"saVoam","article_modified_time":"2026-04-29T03:00:42+00:00","og_image":[{"width":900,"height":900,"url":"https:\/\/savoam.com\/wp-content\/uploads\/2024\/12\/basisbeeld-sachets_eternalspring_kolom.png","type":"image\/png"}],"twitter_card":"summary_large_image","schema":{"@context":"https:\/\/schema.org","@graph":[{"@type":"WebPage","@id":"https:\/\/savoam.com\/product\/refill-eternal-spring-2\/","url":"https:\/\/savoam.com\/product\/refill-eternal-spring-2\/","name":"Refill Eternal Spring - saVoam","isPartOf":{"@id":"https:\/\/savoam.com\/#website"},"primaryImageOfPage":{"@id":"https:\/\/savoam.com\/product\/refill-eternal-spring-2\/#primaryimage"},"image":{"@id":"https:\/\/savoam.com\/product\/refill-eternal-spring-2\/#primaryimage"},"thumbnailUrl":"https:\/\/savoam.com\/wp-content\/uploads\/2024\/12\/basisbeeld-sachets_eternalspring_kolom.png","datePublished":"2024-06-04T09:07:17+00:00","dateModified":"2026-04-29T03:00:42+00:00","breadcrumb":{"@id":"https:\/\/savoam.com\/product\/refill-eternal-spring-2\/#breadcrumb"},"inLanguage":"fr-FR","potentialAction":[{"@type":"ReadAction","target":["https:\/\/savoam.com\/product\/refill-eternal-spring-2\/"]}]},{"@type":"ImageObject","inLanguage":"fr-FR","@id":"https:\/\/savoam.com\/product\/refill-eternal-spring-2\/#primaryimage","url":"https:\/\/savoam.com\/wp-content\/uploads\/2024\/12\/basisbeeld-sachets_eternalspring_kolom.png","contentUrl":"https:\/\/savoam.com\/wp-content\/uploads\/2024\/12\/basisbeeld-sachets_eternalspring_kolom.png","width":900,"height":900},{"@type":"BreadcrumbList","@id":"https:\/\/savoam.com\/product\/refill-eternal-spring-2\/#breadcrumb","itemListElement":[{"@type":"ListItem","position":1,"name":"Home","item":"https:\/\/savoam.com\/"},{"@type":"ListItem","position":2,"name":"Winkel","item":"https:\/\/savoam.com\/winkel\/"},{"@type":"ListItem","position":3,"name":"Refill Eternal Spring"}]},{"@type":"WebSite","@id":"https:\/\/savoam.com\/#website","url":"https:\/\/savoam.com\/","name":"saVoam","description":"une note sp\u00e9ciale pour votre routine de lavage des mains","publisher":{"@id":"https:\/\/savoam.com\/#organization"},"potentialAction":[{"@type":"SearchAction","target":{"@type":"EntryPoint","urlTemplate":"https:\/\/savoam.com\/?s={search_term_string}"},"query-input":{"@type":"PropertyValueSpecification","valueRequired":true,"valueName":"search_term_string"}}],"inLanguage":"fr-FR"},{"@type":"Organization","@id":"https:\/\/savoam.com\/#organization","name":"saVoam","url":"https:\/\/savoam.com\/","logo":{"@type":"ImageObject","inLanguage":"fr-FR","@id":"https:\/\/savoam.com\/#\/schema\/logo\/image\/","url":"https:\/\/savoam.com\/wp-content\/uploads\/2023\/03\/Savoam.png","contentUrl":"https:\/\/savoam.com\/wp-content\/uploads\/2023\/03\/Savoam.png","width":630,"height":630,"caption":"saVoam"},"image":{"@id":"https:\/\/savoam.com\/#\/schema\/logo\/image\/"}}]}},"_links":{"self":[{"href":"https:\/\/savoam.com\/fr\/wp-json\/wp\/v2\/product\/2935","targetHints":{"allow":["GET"]}}],"collection":[{"href":"https:\/\/savoam.com\/fr\/wp-json\/wp\/v2\/product"}],"about":[{"href":"https:\/\/savoam.com\/fr\/wp-json\/wp\/v2\/types\/product"}],"replies":[{"embeddable":true,"href":"https:\/\/savoam.com\/fr\/wp-json\/wp\/v2\/comments?post=2935"}],"wp:featuredmedia":[{"embeddable":true,"href":"https:\/\/savoam.com\/fr\/wp-json\/wp\/v2\/media\/5078"}],"wp:attachment":[{"href":"https:\/\/savoam.com\/fr\/wp-json\/wp\/v2\/media?parent=2935"}],"wp:term":[{"taxonomy":"product_brand","embeddable":true,"href":"https:\/\/savoam.com\/fr\/wp-json\/wp\/v2\/product_brand?post=2935"},{"taxonomy":"product_cat","embeddable":true,"href":"https:\/\/savoam.com\/fr\/wp-json\/wp\/v2\/product_cat?post=2935"},{"taxonomy":"product_tag","embeddable":true,"href":"https:\/\/savoam.com\/fr\/wp-json\/wp\/v2\/product_tag?post=2935"}],"curies":[{"name":"wp","href":"https:\/\/api.w.org\/{rel}","templated":true}]}}