{"id":2934,"date":"2024-06-04T08:07:03","date_gmt":"2024-06-04T08:07:03","guid":{"rendered":"https:\/\/savoam.com\/product\/refill-morning-dew-2\/"},"modified":"2026-05-15T14:08:31","modified_gmt":"2026-05-15T14:08:31","slug":"refill-morning-dew-2","status":"publish","type":"product","link":"https:\/\/savoam.com\/fr\/produit\/refill-morning-dew-2\/","title":{"rendered":"Recharge Morning Dew"},"content":{"rendered":"<p>Is jouw bottle leeg? In jouw luxe bewaarmapje zitten 3 sachets, waarmee je 3 keer een heerlijke bottle met handschuimzeep kunt maken. Vul jouw once in a lifetime bottle met warm water, tot het golfje. Doe er een sachet met poeder bij, beetje roeren en en jouw handschuimzeep is klaar voor gebruik.<\/p>","protected":false},"excerpt":{"rendered":"<p>Saisissez la journ\u00e9e avec la ros\u00e9e du matin. Un parfum vibrant et \u00e9nergique qui vous rappelle le pouvoir de l'instant pr\u00e9sent. La ros\u00e9e du matin, pour un nouveau d\u00e9part dans la journ\u00e9e.<\/p>","protected":false},"featured_media":4902,"comment_status":"open","ping_status":"closed","template":"","meta":[],"product_brand":[],"product_cat":[31],"product_tag":[],"class_list":{"0":"post-2934","1":"product","2":"type-product","3":"status-publish","4":"has-post-thumbnail","6":"product_cat-refill","7":"wpbf-post","10":"instock","11":"taxable","12":"shipping-taxable","13":"purchasable","14":"product-type-simple"},"yoast_head":"<!-- This site is optimized with the Yoast SEO plugin v27.5 - https:\/\/yoast.com\/product\/yoast-seo-wordpress\/ -->\n<title>Refill Morning Dew - saVoam<\/title>\n<meta name=\"robots\" content=\"index, follow, max-snippet:-1, max-image-preview:large, max-video-preview:-1\" \/>\n<link rel=\"canonical\" href=\"https:\/\/savoam.com\/fr\/produit\/refill-morning-dew-2\/\" \/>\n<meta property=\"og:locale\" content=\"fr_FR\" \/>\n<meta property=\"og:type\" content=\"article\" \/>\n<meta property=\"og:title\" content=\"Refill Morning Dew - saVoam\" \/>\n<meta property=\"og:description\" content=\"Pluk de dag met morning dew. Een levendige en energieke geur die je herinnert aan de kracht van het moment. Morning dew, voor een frisse start van jouw dag.\" \/>\n<meta property=\"og:url\" content=\"https:\/\/savoam.com\/fr\/produit\/refill-morning-dew-2\/\" \/>\n<meta property=\"og:site_name\" content=\"saVoam\" \/>\n<meta property=\"article:modified_time\" content=\"2026-05-15T14:08:31+00:00\" \/>\n<meta property=\"og:image\" content=\"https:\/\/savoam.com\/wp-content\/uploads\/2024\/06\/basisbeeld-sachets_morning_kolom-1.png\" \/>\n\t<meta property=\"og:image:width\" content=\"900\" \/>\n\t<meta property=\"og:image:height\" content=\"900\" \/>\n\t<meta property=\"og:image:type\" content=\"image\/png\" \/>\n<meta name=\"twitter:card\" content=\"summary_large_image\" \/>\n<script type=\"application\/ld+json\" class=\"yoast-schema-graph\">{\"@context\":\"https:\\\/\\\/schema.org\",\"@graph\":[{\"@type\":\"WebPage\",\"@id\":\"https:\\\/\\\/savoam.com\\\/product\\\/refill-morning-dew-2\\\/\",\"url\":\"https:\\\/\\\/savoam.com\\\/product\\\/refill-morning-dew-2\\\/\",\"name\":\"Refill Morning Dew - saVoam\",\"isPartOf\":{\"@id\":\"https:\\\/\\\/savoam.com\\\/#website\"},\"primaryImageOfPage\":{\"@id\":\"https:\\\/\\\/savoam.com\\\/product\\\/refill-morning-dew-2\\\/#primaryimage\"},\"image\":{\"@id\":\"https:\\\/\\\/savoam.com\\\/product\\\/refill-morning-dew-2\\\/#primaryimage\"},\"thumbnailUrl\":\"https:\\\/\\\/savoam.com\\\/wp-content\\\/uploads\\\/2024\\\/06\\\/basisbeeld-sachets_morning_kolom-1.png\",\"datePublished\":\"2024-06-04T08:07:03+00:00\",\"dateModified\":\"2026-05-15T14:08:31+00:00\",\"breadcrumb\":{\"@id\":\"https:\\\/\\\/savoam.com\\\/product\\\/refill-morning-dew-2\\\/#breadcrumb\"},\"inLanguage\":\"fr-FR\",\"potentialAction\":[{\"@type\":\"ReadAction\",\"target\":[\"https:\\\/\\\/savoam.com\\\/product\\\/refill-morning-dew-2\\\/\"]}]},{\"@type\":\"ImageObject\",\"inLanguage\":\"fr-FR\",\"@id\":\"https:\\\/\\\/savoam.com\\\/product\\\/refill-morning-dew-2\\\/#primaryimage\",\"url\":\"https:\\\/\\\/savoam.com\\\/wp-content\\\/uploads\\\/2024\\\/06\\\/basisbeeld-sachets_morning_kolom-1.png\",\"contentUrl\":\"https:\\\/\\\/savoam.com\\\/wp-content\\\/uploads\\\/2024\\\/06\\\/basisbeeld-sachets_morning_kolom-1.png\",\"width\":900,\"height\":900},{\"@type\":\"BreadcrumbList\",\"@id\":\"https:\\\/\\\/savoam.com\\\/product\\\/refill-morning-dew-2\\\/#breadcrumb\",\"itemListElement\":[{\"@type\":\"ListItem\",\"position\":1,\"name\":\"Home\",\"item\":\"https:\\\/\\\/savoam.com\\\/\"},{\"@type\":\"ListItem\",\"position\":2,\"name\":\"Winkel\",\"item\":\"https:\\\/\\\/savoam.com\\\/winkel\\\/\"},{\"@type\":\"ListItem\",\"position\":3,\"name\":\"Refill Morning Dew\"}]},{\"@type\":\"WebSite\",\"@id\":\"https:\\\/\\\/savoam.com\\\/#website\",\"url\":\"https:\\\/\\\/savoam.com\\\/\",\"name\":\"saVoam\",\"description\":\"a special note to your hand washing routine\",\"publisher\":{\"@id\":\"https:\\\/\\\/savoam.com\\\/#organization\"},\"potentialAction\":[{\"@type\":\"SearchAction\",\"target\":{\"@type\":\"EntryPoint\",\"urlTemplate\":\"https:\\\/\\\/savoam.com\\\/?s={search_term_string}\"},\"query-input\":{\"@type\":\"PropertyValueSpecification\",\"valueRequired\":true,\"valueName\":\"search_term_string\"}}],\"inLanguage\":\"fr-FR\"},{\"@type\":\"Organization\",\"@id\":\"https:\\\/\\\/savoam.com\\\/#organization\",\"name\":\"saVoam\",\"url\":\"https:\\\/\\\/savoam.com\\\/\",\"logo\":{\"@type\":\"ImageObject\",\"inLanguage\":\"fr-FR\",\"@id\":\"https:\\\/\\\/savoam.com\\\/#\\\/schema\\\/logo\\\/image\\\/\",\"url\":\"https:\\\/\\\/savoam.com\\\/wp-content\\\/uploads\\\/2023\\\/03\\\/Savoam.png\",\"contentUrl\":\"https:\\\/\\\/savoam.com\\\/wp-content\\\/uploads\\\/2023\\\/03\\\/Savoam.png\",\"width\":630,\"height\":630,\"caption\":\"saVoam\"},\"image\":{\"@id\":\"https:\\\/\\\/savoam.com\\\/#\\\/schema\\\/logo\\\/image\\\/\"}}]}<\/script>\n<!-- \/ Yoast SEO plugin. -->","yoast_head_json":{"title":"Refill Morning Dew - saVoam","robots":{"index":"index","follow":"follow","max-snippet":"max-snippet:-1","max-image-preview":"max-image-preview:large","max-video-preview":"max-video-preview:-1"},"canonical":"https:\/\/savoam.com\/fr\/produit\/refill-morning-dew-2\/","og_locale":"fr_FR","og_type":"article","og_title":"Refill Morning Dew - saVoam","og_description":"Pluk de dag met morning dew. Een levendige en energieke geur die je herinnert aan de kracht van het moment. Morning dew, voor een frisse start van jouw dag.","og_url":"https:\/\/savoam.com\/fr\/produit\/refill-morning-dew-2\/","og_site_name":"saVoam","article_modified_time":"2026-05-15T14:08:31+00:00","og_image":[{"width":900,"height":900,"url":"https:\/\/savoam.com\/wp-content\/uploads\/2024\/06\/basisbeeld-sachets_morning_kolom-1.png","type":"image\/png"}],"twitter_card":"summary_large_image","schema":{"@context":"https:\/\/schema.org","@graph":[{"@type":"WebPage","@id":"https:\/\/savoam.com\/product\/refill-morning-dew-2\/","url":"https:\/\/savoam.com\/product\/refill-morning-dew-2\/","name":"Refill Morning Dew - saVoam","isPartOf":{"@id":"https:\/\/savoam.com\/#website"},"primaryImageOfPage":{"@id":"https:\/\/savoam.com\/product\/refill-morning-dew-2\/#primaryimage"},"image":{"@id":"https:\/\/savoam.com\/product\/refill-morning-dew-2\/#primaryimage"},"thumbnailUrl":"https:\/\/savoam.com\/wp-content\/uploads\/2024\/06\/basisbeeld-sachets_morning_kolom-1.png","datePublished":"2024-06-04T08:07:03+00:00","dateModified":"2026-05-15T14:08:31+00:00","breadcrumb":{"@id":"https:\/\/savoam.com\/product\/refill-morning-dew-2\/#breadcrumb"},"inLanguage":"fr-FR","potentialAction":[{"@type":"ReadAction","target":["https:\/\/savoam.com\/product\/refill-morning-dew-2\/"]}]},{"@type":"ImageObject","inLanguage":"fr-FR","@id":"https:\/\/savoam.com\/product\/refill-morning-dew-2\/#primaryimage","url":"https:\/\/savoam.com\/wp-content\/uploads\/2024\/06\/basisbeeld-sachets_morning_kolom-1.png","contentUrl":"https:\/\/savoam.com\/wp-content\/uploads\/2024\/06\/basisbeeld-sachets_morning_kolom-1.png","width":900,"height":900},{"@type":"BreadcrumbList","@id":"https:\/\/savoam.com\/product\/refill-morning-dew-2\/#breadcrumb","itemListElement":[{"@type":"ListItem","position":1,"name":"Home","item":"https:\/\/savoam.com\/"},{"@type":"ListItem","position":2,"name":"Winkel","item":"https:\/\/savoam.com\/winkel\/"},{"@type":"ListItem","position":3,"name":"Refill Morning Dew"}]},{"@type":"WebSite","@id":"https:\/\/savoam.com\/#website","url":"https:\/\/savoam.com\/","name":"saVoam","description":"une note sp\u00e9ciale pour votre routine de lavage des mains","publisher":{"@id":"https:\/\/savoam.com\/#organization"},"potentialAction":[{"@type":"SearchAction","target":{"@type":"EntryPoint","urlTemplate":"https:\/\/savoam.com\/?s={search_term_string}"},"query-input":{"@type":"PropertyValueSpecification","valueRequired":true,"valueName":"search_term_string"}}],"inLanguage":"fr-FR"},{"@type":"Organization","@id":"https:\/\/savoam.com\/#organization","name":"saVoam","url":"https:\/\/savoam.com\/","logo":{"@type":"ImageObject","inLanguage":"fr-FR","@id":"https:\/\/savoam.com\/#\/schema\/logo\/image\/","url":"https:\/\/savoam.com\/wp-content\/uploads\/2023\/03\/Savoam.png","contentUrl":"https:\/\/savoam.com\/wp-content\/uploads\/2023\/03\/Savoam.png","width":630,"height":630,"caption":"saVoam"},"image":{"@id":"https:\/\/savoam.com\/#\/schema\/logo\/image\/"}}]}},"_links":{"self":[{"href":"https:\/\/savoam.com\/fr\/wp-json\/wp\/v2\/product\/2934","targetHints":{"allow":["GET"]}}],"collection":[{"href":"https:\/\/savoam.com\/fr\/wp-json\/wp\/v2\/product"}],"about":[{"href":"https:\/\/savoam.com\/fr\/wp-json\/wp\/v2\/types\/product"}],"replies":[{"embeddable":true,"href":"https:\/\/savoam.com\/fr\/wp-json\/wp\/v2\/comments?post=2934"}],"wp:featuredmedia":[{"embeddable":true,"href":"https:\/\/savoam.com\/fr\/wp-json\/wp\/v2\/media\/4902"}],"wp:attachment":[{"href":"https:\/\/savoam.com\/fr\/wp-json\/wp\/v2\/media?parent=2934"}],"wp:term":[{"taxonomy":"product_brand","embeddable":true,"href":"https:\/\/savoam.com\/fr\/wp-json\/wp\/v2\/product_brand?post=2934"},{"taxonomy":"product_cat","embeddable":true,"href":"https:\/\/savoam.com\/fr\/wp-json\/wp\/v2\/product_cat?post=2934"},{"taxonomy":"product_tag","embeddable":true,"href":"https:\/\/savoam.com\/fr\/wp-json\/wp\/v2\/product_tag?post=2934"}],"curies":[{"name":"wp","href":"https:\/\/api.w.org\/{rel}","templated":true}]}}