{"id":2838,"date":"2024-05-01T14:29:19","date_gmt":"2024-05-01T14:29:19","guid":{"rendered":"https:\/\/savoam.com\/product\/savoam-starterspakket-blauw-2\/"},"modified":"2026-05-06T19:00:29","modified_gmt":"2026-05-06T19:00:29","slug":"savoam-starterspakket-blauw","status":"publish","type":"product","link":"https:\/\/savoam.com\/fr\/produit\/savoam-starterspakket-blauw\/","title":{"rendered":"pack de d\u00e9marrage \"bleu"},"content":{"rendered":"<p>De handzeep is zacht voor je huid, omdat het bestaat uit natuurlijke ingredi\u00ebnten. Elk sachet staat voor een maand aan handschuimzeep. Dat betekent dat jij met dit starterspakket al 3 maanden vooruit kunt.<\/p>\n<p><strong>Jouw starterspakket bestaat uit:<\/strong><\/p>\n<ul>\n<li>Jouw once in a lifetime bottle<br \/>\nKwalitatief duurzame en luxe glazen flacon.<\/li>\n<li>Een dopkleur naar keuze<\/li>\n<li>Een luxe bewaarmapje met 3 refill sachets (morning dew, daisy daydream, eternal spring)<\/li>\n<\/ul>","protected":false},"excerpt":{"rendered":"<p>Commencez votre exp\u00e9rience saVoam avec le pack de d\u00e9marrage. Vous recevez un luxueux flacon en verre et trois sachets de recharge qui vous permettront de d\u00e9couvrir votre parfum pr\u00e9f\u00e9r\u00e9.<\/p>","protected":false},"featured_media":6600,"comment_status":"open","ping_status":"closed","template":"","meta":[],"product_brand":[],"product_cat":[35],"product_tag":[],"class_list":{"0":"post-2838","1":"product","2":"type-product","3":"status-publish","4":"has-post-thumbnail","6":"product_cat-startpakket","7":"wpbf-post","10":"instock","11":"taxable","12":"shipping-taxable","13":"purchasable","14":"product-type-simple"},"yoast_head":"<!-- This site is optimized with the Yoast SEO plugin v27.5 - https:\/\/yoast.com\/product\/yoast-seo-wordpress\/ -->\n<title>starterspakket &#039;blauw&#039; - saVoam<\/title>\n<meta name=\"robots\" content=\"index, follow, max-snippet:-1, max-image-preview:large, max-video-preview:-1\" \/>\n<link rel=\"canonical\" href=\"https:\/\/savoam.com\/fr\/produit\/savoam-starterspakket-blauw\/\" \/>\n<meta property=\"og:locale\" content=\"fr_FR\" \/>\n<meta property=\"og:type\" content=\"article\" \/>\n<meta property=\"og:title\" content=\"starterspakket &#039;blauw&#039; - saVoam\" \/>\n<meta property=\"og:description\" content=\"Start jouw saVoam beleving met het starterspakket. Je ontvangt een luxe glazen flacon met drie refill sachets waarmee jij jouw favoriete geur kunt ontdekken.\" \/>\n<meta property=\"og:url\" content=\"https:\/\/savoam.com\/fr\/produit\/savoam-starterspakket-blauw\/\" \/>\n<meta property=\"og:site_name\" content=\"saVoam\" \/>\n<meta property=\"article:modified_time\" content=\"2026-05-06T19:00:29+00:00\" \/>\n<meta property=\"og:image\" content=\"https:\/\/savoam.com\/wp-content\/uploads\/2024\/05\/blauw_kolom-1.png\" \/>\n\t<meta property=\"og:image:width\" content=\"900\" \/>\n\t<meta property=\"og:image:height\" content=\"900\" \/>\n\t<meta property=\"og:image:type\" content=\"image\/png\" \/>\n<meta name=\"twitter:card\" content=\"summary_large_image\" \/>\n<meta name=\"twitter:label1\" content=\"Dur\u00e9e de lecture estim\u00e9e\" \/>\n\t<meta name=\"twitter:data1\" content=\"1 minute\" \/>\n<script type=\"application\/ld+json\" class=\"yoast-schema-graph\">{\"@context\":\"https:\\\/\\\/schema.org\",\"@graph\":[{\"@type\":\"WebPage\",\"@id\":\"https:\\\/\\\/savoam.com\\\/product\\\/savoam-starterspakket-blauw\\\/\",\"url\":\"https:\\\/\\\/savoam.com\\\/product\\\/savoam-starterspakket-blauw\\\/\",\"name\":\"starterspakket 'blauw' - saVoam\",\"isPartOf\":{\"@id\":\"https:\\\/\\\/savoam.com\\\/#website\"},\"primaryImageOfPage\":{\"@id\":\"https:\\\/\\\/savoam.com\\\/product\\\/savoam-starterspakket-blauw\\\/#primaryimage\"},\"image\":{\"@id\":\"https:\\\/\\\/savoam.com\\\/product\\\/savoam-starterspakket-blauw\\\/#primaryimage\"},\"thumbnailUrl\":\"https:\\\/\\\/savoam.com\\\/wp-content\\\/uploads\\\/2024\\\/05\\\/blauw_kolom-1.png\",\"datePublished\":\"2024-05-01T14:29:19+00:00\",\"dateModified\":\"2026-05-06T19:00:29+00:00\",\"breadcrumb\":{\"@id\":\"https:\\\/\\\/savoam.com\\\/product\\\/savoam-starterspakket-blauw\\\/#breadcrumb\"},\"inLanguage\":\"fr-FR\",\"potentialAction\":[{\"@type\":\"ReadAction\",\"target\":[\"https:\\\/\\\/savoam.com\\\/product\\\/savoam-starterspakket-blauw\\\/\"]}]},{\"@type\":\"ImageObject\",\"inLanguage\":\"fr-FR\",\"@id\":\"https:\\\/\\\/savoam.com\\\/product\\\/savoam-starterspakket-blauw\\\/#primaryimage\",\"url\":\"https:\\\/\\\/savoam.com\\\/wp-content\\\/uploads\\\/2024\\\/05\\\/blauw_kolom-1.png\",\"contentUrl\":\"https:\\\/\\\/savoam.com\\\/wp-content\\\/uploads\\\/2024\\\/05\\\/blauw_kolom-1.png\",\"width\":900,\"height\":900},{\"@type\":\"BreadcrumbList\",\"@id\":\"https:\\\/\\\/savoam.com\\\/product\\\/savoam-starterspakket-blauw\\\/#breadcrumb\",\"itemListElement\":[{\"@type\":\"ListItem\",\"position\":1,\"name\":\"Home\",\"item\":\"https:\\\/\\\/savoam.com\\\/\"},{\"@type\":\"ListItem\",\"position\":2,\"name\":\"Winkel\",\"item\":\"https:\\\/\\\/savoam.com\\\/winkel\\\/\"},{\"@type\":\"ListItem\",\"position\":3,\"name\":\"starterspakket &#8216;blauw&#8217;\"}]},{\"@type\":\"WebSite\",\"@id\":\"https:\\\/\\\/savoam.com\\\/#website\",\"url\":\"https:\\\/\\\/savoam.com\\\/\",\"name\":\"saVoam\",\"description\":\"a special note to your hand washing routine\",\"publisher\":{\"@id\":\"https:\\\/\\\/savoam.com\\\/#organization\"},\"potentialAction\":[{\"@type\":\"SearchAction\",\"target\":{\"@type\":\"EntryPoint\",\"urlTemplate\":\"https:\\\/\\\/savoam.com\\\/?s={search_term_string}\"},\"query-input\":{\"@type\":\"PropertyValueSpecification\",\"valueRequired\":true,\"valueName\":\"search_term_string\"}}],\"inLanguage\":\"fr-FR\"},{\"@type\":\"Organization\",\"@id\":\"https:\\\/\\\/savoam.com\\\/#organization\",\"name\":\"saVoam\",\"url\":\"https:\\\/\\\/savoam.com\\\/\",\"logo\":{\"@type\":\"ImageObject\",\"inLanguage\":\"fr-FR\",\"@id\":\"https:\\\/\\\/savoam.com\\\/#\\\/schema\\\/logo\\\/image\\\/\",\"url\":\"https:\\\/\\\/savoam.com\\\/wp-content\\\/uploads\\\/2023\\\/03\\\/Savoam.png\",\"contentUrl\":\"https:\\\/\\\/savoam.com\\\/wp-content\\\/uploads\\\/2023\\\/03\\\/Savoam.png\",\"width\":630,\"height\":630,\"caption\":\"saVoam\"},\"image\":{\"@id\":\"https:\\\/\\\/savoam.com\\\/#\\\/schema\\\/logo\\\/image\\\/\"}}]}<\/script>\n<!-- \/ Yoast SEO plugin. -->","yoast_head_json":{"title":"starterspakket 'blauw' - saVoam","robots":{"index":"index","follow":"follow","max-snippet":"max-snippet:-1","max-image-preview":"max-image-preview:large","max-video-preview":"max-video-preview:-1"},"canonical":"https:\/\/savoam.com\/fr\/produit\/savoam-starterspakket-blauw\/","og_locale":"fr_FR","og_type":"article","og_title":"starterspakket 'blauw' - saVoam","og_description":"Start jouw saVoam beleving met het starterspakket. Je ontvangt een luxe glazen flacon met drie refill sachets waarmee jij jouw favoriete geur kunt ontdekken.","og_url":"https:\/\/savoam.com\/fr\/produit\/savoam-starterspakket-blauw\/","og_site_name":"saVoam","article_modified_time":"2026-05-06T19:00:29+00:00","og_image":[{"width":900,"height":900,"url":"https:\/\/savoam.com\/wp-content\/uploads\/2024\/05\/blauw_kolom-1.png","type":"image\/png"}],"twitter_card":"summary_large_image","twitter_misc":{"Dur\u00e9e de lecture estim\u00e9e":"1 minute"},"schema":{"@context":"https:\/\/schema.org","@graph":[{"@type":"WebPage","@id":"https:\/\/savoam.com\/product\/savoam-starterspakket-blauw\/","url":"https:\/\/savoam.com\/product\/savoam-starterspakket-blauw\/","name":"starterspakket 'blauw' - saVoam","isPartOf":{"@id":"https:\/\/savoam.com\/#website"},"primaryImageOfPage":{"@id":"https:\/\/savoam.com\/product\/savoam-starterspakket-blauw\/#primaryimage"},"image":{"@id":"https:\/\/savoam.com\/product\/savoam-starterspakket-blauw\/#primaryimage"},"thumbnailUrl":"https:\/\/savoam.com\/wp-content\/uploads\/2024\/05\/blauw_kolom-1.png","datePublished":"2024-05-01T14:29:19+00:00","dateModified":"2026-05-06T19:00:29+00:00","breadcrumb":{"@id":"https:\/\/savoam.com\/product\/savoam-starterspakket-blauw\/#breadcrumb"},"inLanguage":"fr-FR","potentialAction":[{"@type":"ReadAction","target":["https:\/\/savoam.com\/product\/savoam-starterspakket-blauw\/"]}]},{"@type":"ImageObject","inLanguage":"fr-FR","@id":"https:\/\/savoam.com\/product\/savoam-starterspakket-blauw\/#primaryimage","url":"https:\/\/savoam.com\/wp-content\/uploads\/2024\/05\/blauw_kolom-1.png","contentUrl":"https:\/\/savoam.com\/wp-content\/uploads\/2024\/05\/blauw_kolom-1.png","width":900,"height":900},{"@type":"BreadcrumbList","@id":"https:\/\/savoam.com\/product\/savoam-starterspakket-blauw\/#breadcrumb","itemListElement":[{"@type":"ListItem","position":1,"name":"Home","item":"https:\/\/savoam.com\/"},{"@type":"ListItem","position":2,"name":"Winkel","item":"https:\/\/savoam.com\/winkel\/"},{"@type":"ListItem","position":3,"name":"starterspakket &#8216;blauw&#8217;"}]},{"@type":"WebSite","@id":"https:\/\/savoam.com\/#website","url":"https:\/\/savoam.com\/","name":"saVoam","description":"une note sp\u00e9ciale pour votre routine de lavage des mains","publisher":{"@id":"https:\/\/savoam.com\/#organization"},"potentialAction":[{"@type":"SearchAction","target":{"@type":"EntryPoint","urlTemplate":"https:\/\/savoam.com\/?s={search_term_string}"},"query-input":{"@type":"PropertyValueSpecification","valueRequired":true,"valueName":"search_term_string"}}],"inLanguage":"fr-FR"},{"@type":"Organization","@id":"https:\/\/savoam.com\/#organization","name":"saVoam","url":"https:\/\/savoam.com\/","logo":{"@type":"ImageObject","inLanguage":"fr-FR","@id":"https:\/\/savoam.com\/#\/schema\/logo\/image\/","url":"https:\/\/savoam.com\/wp-content\/uploads\/2023\/03\/Savoam.png","contentUrl":"https:\/\/savoam.com\/wp-content\/uploads\/2023\/03\/Savoam.png","width":630,"height":630,"caption":"saVoam"},"image":{"@id":"https:\/\/savoam.com\/#\/schema\/logo\/image\/"}}]}},"_links":{"self":[{"href":"https:\/\/savoam.com\/fr\/wp-json\/wp\/v2\/product\/2838","targetHints":{"allow":["GET"]}}],"collection":[{"href":"https:\/\/savoam.com\/fr\/wp-json\/wp\/v2\/product"}],"about":[{"href":"https:\/\/savoam.com\/fr\/wp-json\/wp\/v2\/types\/product"}],"replies":[{"embeddable":true,"href":"https:\/\/savoam.com\/fr\/wp-json\/wp\/v2\/comments?post=2838"}],"wp:featuredmedia":[{"embeddable":true,"href":"https:\/\/savoam.com\/fr\/wp-json\/wp\/v2\/media\/6600"}],"wp:attachment":[{"href":"https:\/\/savoam.com\/fr\/wp-json\/wp\/v2\/media?parent=2838"}],"wp:term":[{"taxonomy":"product_brand","embeddable":true,"href":"https:\/\/savoam.com\/fr\/wp-json\/wp\/v2\/product_brand?post=2838"},{"taxonomy":"product_cat","embeddable":true,"href":"https:\/\/savoam.com\/fr\/wp-json\/wp\/v2\/product_cat?post=2838"},{"taxonomy":"product_tag","embeddable":true,"href":"https:\/\/savoam.com\/fr\/wp-json\/wp\/v2\/product_tag?post=2838"}],"curies":[{"name":"wp","href":"https:\/\/api.w.org\/{rel}","templated":true}]}}