{"id":2937,"date":"2024-06-04T09:23:57","date_gmt":"2024-06-04T09:23:57","guid":{"rendered":"https:\/\/savoam.com\/product\/refill-mix\/"},"modified":"2026-05-15T14:08:23","modified_gmt":"2026-05-15T14:08:23","slug":"refill-mix","status":"publish","type":"product","link":"https:\/\/savoam.com\/de\/produkt\/refill-mix\/","title":{"rendered":"Refill Mix"},"content":{"rendered":"<p>Ist Ihre Flasche leer? Ihr luxuri\u00f6ser Aufbewahrungsordner enth\u00e4lt 3 Beutel, mit denen Sie dreimal eine k\u00f6stliche Flasche Handschaumseife herstellen k\u00f6nnen. F\u00fcllen Sie Ihre einmalige Flasche bis zur Welle mit warmem Wasser. Geben Sie ein P\u00e4ckchen Pulver hinzu, r\u00fchren Sie ein wenig um und schon ist Ihre Handschaumseife gebrauchsfertig.<\/p>","protected":false},"excerpt":{"rendered":"<p>M\u00f6chten Sie jeden Monat einen anderen Duft erleben? W\u00e4hlen Sie die Nachf\u00fcllmischung. Sie erhalten die drei saVoam-D\u00fcfte Morning Dew, Eternal Spring und Daisy Daydream.<\/p>","protected":false},"featured_media":5079,"comment_status":"open","ping_status":"closed","template":"","meta":[],"product_brand":[],"product_cat":[31],"product_tag":[],"class_list":{"0":"post-2937","1":"product","2":"type-product","3":"status-publish","4":"has-post-thumbnail","6":"product_cat-refill","7":"wpbf-post","10":"instock","11":"taxable","12":"shipping-taxable","13":"purchasable","14":"product-type-simple"},"yoast_head":"<!-- This site is optimized with the Yoast SEO plugin v27.5 - https:\/\/yoast.com\/product\/yoast-seo-wordpress\/ -->\n<title>Refill Mix - saVoam<\/title>\n<meta name=\"robots\" content=\"index, follow, max-snippet:-1, max-image-preview:large, max-video-preview:-1\" \/>\n<link rel=\"canonical\" href=\"https:\/\/savoam.com\/de\/produkt\/refill-mix\/\" \/>\n<meta property=\"og:locale\" content=\"de_DE\" \/>\n<meta property=\"og:type\" content=\"article\" \/>\n<meta property=\"og:title\" content=\"Refill Mix - saVoam\" \/>\n<meta property=\"og:description\" content=\"Elke maand een andere geur beleven? Kies voor de refill mix. Je ontvangt de drie saVoam geuren morning dew, eternal spring en daisy daydream.\" \/>\n<meta property=\"og:url\" content=\"https:\/\/savoam.com\/de\/produkt\/refill-mix\/\" \/>\n<meta property=\"og:site_name\" content=\"saVoam\" \/>\n<meta property=\"article:modified_time\" content=\"2026-05-15T14:08:23+00:00\" \/>\n<meta property=\"og:image\" content=\"https:\/\/savoam.com\/wp-content\/uploads\/2024\/12\/basisbeeld-sachets_mix_kolom.png\" \/>\n\t<meta property=\"og:image:width\" content=\"900\" \/>\n\t<meta property=\"og:image:height\" content=\"900\" \/>\n\t<meta property=\"og:image:type\" content=\"image\/png\" \/>\n<meta name=\"twitter:card\" content=\"summary_large_image\" \/>\n<script type=\"application\/ld+json\" class=\"yoast-schema-graph\">{\"@context\":\"https:\\\/\\\/schema.org\",\"@graph\":[{\"@type\":\"WebPage\",\"@id\":\"https:\\\/\\\/savoam.com\\\/product\\\/refill-mix\\\/\",\"url\":\"https:\\\/\\\/savoam.com\\\/product\\\/refill-mix\\\/\",\"name\":\"Refill Mix - saVoam\",\"isPartOf\":{\"@id\":\"https:\\\/\\\/savoam.com\\\/#website\"},\"primaryImageOfPage\":{\"@id\":\"https:\\\/\\\/savoam.com\\\/product\\\/refill-mix\\\/#primaryimage\"},\"image\":{\"@id\":\"https:\\\/\\\/savoam.com\\\/product\\\/refill-mix\\\/#primaryimage\"},\"thumbnailUrl\":\"https:\\\/\\\/savoam.com\\\/wp-content\\\/uploads\\\/2024\\\/12\\\/basisbeeld-sachets_mix_kolom.png\",\"datePublished\":\"2024-06-04T09:23:57+00:00\",\"dateModified\":\"2026-05-15T14:08:23+00:00\",\"breadcrumb\":{\"@id\":\"https:\\\/\\\/savoam.com\\\/product\\\/refill-mix\\\/#breadcrumb\"},\"inLanguage\":\"de\",\"potentialAction\":[{\"@type\":\"ReadAction\",\"target\":[\"https:\\\/\\\/savoam.com\\\/product\\\/refill-mix\\\/\"]}]},{\"@type\":\"ImageObject\",\"inLanguage\":\"de\",\"@id\":\"https:\\\/\\\/savoam.com\\\/product\\\/refill-mix\\\/#primaryimage\",\"url\":\"https:\\\/\\\/savoam.com\\\/wp-content\\\/uploads\\\/2024\\\/12\\\/basisbeeld-sachets_mix_kolom.png\",\"contentUrl\":\"https:\\\/\\\/savoam.com\\\/wp-content\\\/uploads\\\/2024\\\/12\\\/basisbeeld-sachets_mix_kolom.png\",\"width\":900,\"height\":900},{\"@type\":\"BreadcrumbList\",\"@id\":\"https:\\\/\\\/savoam.com\\\/product\\\/refill-mix\\\/#breadcrumb\",\"itemListElement\":[{\"@type\":\"ListItem\",\"position\":1,\"name\":\"Home\",\"item\":\"https:\\\/\\\/savoam.com\\\/\"},{\"@type\":\"ListItem\",\"position\":2,\"name\":\"Winkel\",\"item\":\"https:\\\/\\\/savoam.com\\\/winkel\\\/\"},{\"@type\":\"ListItem\",\"position\":3,\"name\":\"Refill Mix\"}]},{\"@type\":\"WebSite\",\"@id\":\"https:\\\/\\\/savoam.com\\\/#website\",\"url\":\"https:\\\/\\\/savoam.com\\\/\",\"name\":\"saVoam\",\"description\":\"a special note to your hand washing routine\",\"publisher\":{\"@id\":\"https:\\\/\\\/savoam.com\\\/#organization\"},\"potentialAction\":[{\"@type\":\"SearchAction\",\"target\":{\"@type\":\"EntryPoint\",\"urlTemplate\":\"https:\\\/\\\/savoam.com\\\/?s={search_term_string}\"},\"query-input\":{\"@type\":\"PropertyValueSpecification\",\"valueRequired\":true,\"valueName\":\"search_term_string\"}}],\"inLanguage\":\"de\"},{\"@type\":\"Organization\",\"@id\":\"https:\\\/\\\/savoam.com\\\/#organization\",\"name\":\"saVoam\",\"url\":\"https:\\\/\\\/savoam.com\\\/\",\"logo\":{\"@type\":\"ImageObject\",\"inLanguage\":\"de\",\"@id\":\"https:\\\/\\\/savoam.com\\\/#\\\/schema\\\/logo\\\/image\\\/\",\"url\":\"https:\\\/\\\/savoam.com\\\/wp-content\\\/uploads\\\/2023\\\/03\\\/Savoam.png\",\"contentUrl\":\"https:\\\/\\\/savoam.com\\\/wp-content\\\/uploads\\\/2023\\\/03\\\/Savoam.png\",\"width\":630,\"height\":630,\"caption\":\"saVoam\"},\"image\":{\"@id\":\"https:\\\/\\\/savoam.com\\\/#\\\/schema\\\/logo\\\/image\\\/\"}}]}<\/script>\n<!-- \/ Yoast SEO plugin. -->","yoast_head_json":{"title":"Refill Mix - saVoam","robots":{"index":"index","follow":"follow","max-snippet":"max-snippet:-1","max-image-preview":"max-image-preview:large","max-video-preview":"max-video-preview:-1"},"canonical":"https:\/\/savoam.com\/de\/produkt\/refill-mix\/","og_locale":"de_DE","og_type":"article","og_title":"Refill Mix - saVoam","og_description":"Elke maand een andere geur beleven? Kies voor de refill mix. Je ontvangt de drie saVoam geuren morning dew, eternal spring en daisy daydream.","og_url":"https:\/\/savoam.com\/de\/produkt\/refill-mix\/","og_site_name":"saVoam","article_modified_time":"2026-05-15T14:08:23+00:00","og_image":[{"width":900,"height":900,"url":"https:\/\/savoam.com\/wp-content\/uploads\/2024\/12\/basisbeeld-sachets_mix_kolom.png","type":"image\/png"}],"twitter_card":"summary_large_image","schema":{"@context":"https:\/\/schema.org","@graph":[{"@type":"WebPage","@id":"https:\/\/savoam.com\/product\/refill-mix\/","url":"https:\/\/savoam.com\/product\/refill-mix\/","name":"Refill Mix - saVoam","isPartOf":{"@id":"https:\/\/savoam.com\/#website"},"primaryImageOfPage":{"@id":"https:\/\/savoam.com\/product\/refill-mix\/#primaryimage"},"image":{"@id":"https:\/\/savoam.com\/product\/refill-mix\/#primaryimage"},"thumbnailUrl":"https:\/\/savoam.com\/wp-content\/uploads\/2024\/12\/basisbeeld-sachets_mix_kolom.png","datePublished":"2024-06-04T09:23:57+00:00","dateModified":"2026-05-15T14:08:23+00:00","breadcrumb":{"@id":"https:\/\/savoam.com\/product\/refill-mix\/#breadcrumb"},"inLanguage":"de","potentialAction":[{"@type":"ReadAction","target":["https:\/\/savoam.com\/product\/refill-mix\/"]}]},{"@type":"ImageObject","inLanguage":"de","@id":"https:\/\/savoam.com\/product\/refill-mix\/#primaryimage","url":"https:\/\/savoam.com\/wp-content\/uploads\/2024\/12\/basisbeeld-sachets_mix_kolom.png","contentUrl":"https:\/\/savoam.com\/wp-content\/uploads\/2024\/12\/basisbeeld-sachets_mix_kolom.png","width":900,"height":900},{"@type":"BreadcrumbList","@id":"https:\/\/savoam.com\/product\/refill-mix\/#breadcrumb","itemListElement":[{"@type":"ListItem","position":1,"name":"Home","item":"https:\/\/savoam.com\/"},{"@type":"ListItem","position":2,"name":"Winkel","item":"https:\/\/savoam.com\/winkel\/"},{"@type":"ListItem","position":3,"name":"Refill Mix"}]},{"@type":"WebSite","@id":"https:\/\/savoam.com\/#website","url":"https:\/\/savoam.com\/","name":"saVoam","description":"ein besonderer Hinweis auf Ihre Handwaschroutine","publisher":{"@id":"https:\/\/savoam.com\/#organization"},"potentialAction":[{"@type":"SearchAction","target":{"@type":"EntryPoint","urlTemplate":"https:\/\/savoam.com\/?s={search_term_string}"},"query-input":{"@type":"PropertyValueSpecification","valueRequired":true,"valueName":"search_term_string"}}],"inLanguage":"de"},{"@type":"Organization","@id":"https:\/\/savoam.com\/#organization","name":"saVoam","url":"https:\/\/savoam.com\/","logo":{"@type":"ImageObject","inLanguage":"de","@id":"https:\/\/savoam.com\/#\/schema\/logo\/image\/","url":"https:\/\/savoam.com\/wp-content\/uploads\/2023\/03\/Savoam.png","contentUrl":"https:\/\/savoam.com\/wp-content\/uploads\/2023\/03\/Savoam.png","width":630,"height":630,"caption":"saVoam"},"image":{"@id":"https:\/\/savoam.com\/#\/schema\/logo\/image\/"}}]}},"_links":{"self":[{"href":"https:\/\/savoam.com\/de\/wp-json\/wp\/v2\/product\/2937","targetHints":{"allow":["GET"]}}],"collection":[{"href":"https:\/\/savoam.com\/de\/wp-json\/wp\/v2\/product"}],"about":[{"href":"https:\/\/savoam.com\/de\/wp-json\/wp\/v2\/types\/product"}],"replies":[{"embeddable":true,"href":"https:\/\/savoam.com\/de\/wp-json\/wp\/v2\/comments?post=2937"}],"wp:featuredmedia":[{"embeddable":true,"href":"https:\/\/savoam.com\/de\/wp-json\/wp\/v2\/media\/5079"}],"wp:attachment":[{"href":"https:\/\/savoam.com\/de\/wp-json\/wp\/v2\/media?parent=2937"}],"wp:term":[{"taxonomy":"product_brand","embeddable":true,"href":"https:\/\/savoam.com\/de\/wp-json\/wp\/v2\/product_brand?post=2937"},{"taxonomy":"product_cat","embeddable":true,"href":"https:\/\/savoam.com\/de\/wp-json\/wp\/v2\/product_cat?post=2937"},{"taxonomy":"product_tag","embeddable":true,"href":"https:\/\/savoam.com\/de\/wp-json\/wp\/v2\/product_tag?post=2937"}],"curies":[{"name":"wp","href":"https:\/\/api.w.org\/{rel}","templated":true}]}}